{"id":417,"date":"2025-10-29T17:01:30","date_gmt":"2025-10-29T16:01:30","guid":{"rendered":"https:\/\/nicolas-dulion.com\/?page_id=417"},"modified":"2025-11-03T16:48:43","modified_gmt":"2025-11-03T15:48:43","slug":"association-des-entreprises-de-garosud","status":"publish","type":"page","link":"https:\/\/nicolas-dulion.com\/index.php\/association-des-entreprises-de-garosud\/","title":{"rendered":"Association des entreprises de GAROSUD"},"content":{"rendered":"\t\t<div data-elementor-type=\"wp-page\" data-elementor-id=\"417\" class=\"elementor elementor-417\">\n\t\t\t\t<div class=\"elementor-element elementor-element-22e880fc e-flex e-con-boxed e-con e-parent\" data-id=\"22e880fc\" data-element_type=\"container\">\n\t\t\t\t\t<div class=\"e-con-inner\">\n\t\t\t\t<div class=\"elementor-element elementor-element-2e8104e9 elementor-widget elementor-widget-image\" data-id=\"2e8104e9\" data-element_type=\"widget\" data-widget_type=\"image.default\">\n\t\t\t\t\t\t\t\t\t\t\t\t\t\t\t<img decoding=\"async\" width=\"300\" height=\"134\" src=\"https:\/\/nicolas-dulion.com\/wp-content\/uploads\/2025\/10\/Logo-association-garosud-300x134.jpg\" class=\"attachment-medium size-medium wp-image-396\" alt=\"Logo association garosud\" srcset=\"https:\/\/nicolas-dulion.com\/wp-content\/uploads\/2025\/10\/Logo-association-garosud-300x134.jpg 300w, https:\/\/nicolas-dulion.com\/wp-content\/uploads\/2025\/10\/Logo-association-garosud-1024x456.jpg 1024w, https:\/\/nicolas-dulion.com\/wp-content\/uploads\/2025\/10\/Logo-association-garosud-768x342.jpg 768w, https:\/\/nicolas-dulion.com\/wp-content\/uploads\/2025\/10\/Logo-association-garosud.jpg 1512w\" sizes=\"(max-width: 300px) 100vw, 300px\" \/>\t\t\t\t\t\t\t\t\t\t\t\t\t\t\t<\/div>\n\t\t\t\t<div class=\"elementor-element elementor-element-12c41fdf elementor-widget elementor-widget-heading\" data-id=\"12c41fdf\" data-element_type=\"widget\" data-widget_type=\"heading.default\">\n\t\t\t\t\t<h1 class=\"elementor-heading-title elementor-size-default\">Association des Entreprises de Montpellier Garosud<\/h1>\t\t\t\t<\/div>\n\t\t\t\t<div class=\"elementor-element elementor-element-24b928f elementor-widget-divider--view-line elementor-widget elementor-widget-divider\" data-id=\"24b928f\" data-element_type=\"widget\" data-widget_type=\"divider.default\">\n\t\t\t\t\t\t\t<div class=\"elementor-divider\">\n\t\t\t<span class=\"elementor-divider-separator\">\n\t\t\t\t\t\t<\/span>\n\t\t<\/div>\n\t\t\t\t\t\t<\/div>\n\t\t\t\t\t<\/div>\n\t\t\t\t<\/div>\n\t\t<div class=\"elementor-element elementor-element-201edae6 e-flex e-con-boxed e-con e-parent\" data-id=\"201edae6\" data-element_type=\"container\">\n\t\t\t\t\t<div class=\"e-con-inner\">\n\t\t\t\t<div class=\"elementor-element elementor-element-fa23bcf elementor-widget elementor-widget-heading\" data-id=\"fa23bcf\" data-element_type=\"widget\" data-widget_type=\"heading.default\">\n\t\t\t\t\t<h2 class=\"elementor-heading-title elementor-size-default\">Une gouvernance engag\u00e9e au service des entreprises<\/h2>\t\t\t\t<\/div>\n\t\t\t\t<div class=\"elementor-element elementor-element-3a179827 elementor-widget elementor-widget-text-editor\" data-id=\"3a179827\" data-element_type=\"widget\" data-widget_type=\"text-editor.default\">\n\t\t\t\t\t\t\t\t\t<p>L\u2019<strong>Association des Entreprises de Montpellier Garosud<\/strong> est pr\u00e9sid\u00e9e par <strong>Nicolas Dulion<\/strong>, entrepreneur montpelli\u00e9rain et fondateur d\u2019<strong>Espace Entreprise<\/strong>.<br \/>Sous son impulsion, l\u2019Association agit pour <strong>f\u00e9d\u00e9rer les acteurs \u00e9conomiques<\/strong>, <strong>renforcer la coh\u00e9sion entre les entreprises<\/strong> et <strong>d\u00e9fendre l\u2019attractivit\u00e9 du territoire<\/strong>.<\/p>\t\t\t\t\t\t\t\t<\/div>\n\t\t\t\t<div class=\"elementor-element elementor-element-3b404223 elementor-widget elementor-widget-text-editor\" data-id=\"3b404223\" data-element_type=\"widget\" data-widget_type=\"text-editor.default\">\n\t\t\t\t\t\t\t\t\t<p data-start=\"4114\" data-end=\"4261\">\ud83d\udc49\u00a0<a href=\"https:\/\/nicolas-dulion.com\/index.php\/qui-suis-je\/\">D\u00e9couvrir le parcours de Nicolas Dulion<\/a><\/p>\t\t\t\t\t\t\t\t<\/div>\n\t\t\t\t<div class=\"elementor-element elementor-element-5b15b514 elementor-widget-divider--view-line elementor-widget elementor-widget-divider\" data-id=\"5b15b514\" data-element_type=\"widget\" data-widget_type=\"divider.default\">\n\t\t\t\t\t\t\t<div class=\"elementor-divider\">\n\t\t\t<span class=\"elementor-divider-separator\">\n\t\t\t\t\t\t<\/span>\n\t\t<\/div>\n\t\t\t\t\t\t<\/div>\n\t\t\t\t\t<\/div>\n\t\t\t\t<\/div>\n\t\t<div class=\"elementor-element elementor-element-22ce3c6 e-flex e-con-boxed e-con e-parent\" data-id=\"22ce3c6\" data-element_type=\"container\">\n\t\t\t\t\t<div class=\"e-con-inner\">\n\t\t\t\t<div class=\"elementor-element elementor-element-15f73a99 elementor-widget elementor-widget-heading\" data-id=\"15f73a99\" data-element_type=\"widget\" data-widget_type=\"heading.default\">\n\t\t\t\t\t<h2 class=\"elementor-heading-title elementor-size-default\">Soutenir, repr\u00e9senter et valoriser les entreprises de la zone Garosud<\/h2>\t\t\t\t<\/div>\n\t\t\t\t<div class=\"elementor-element elementor-element-79505b0 elementor-widget elementor-widget-text-editor\" data-id=\"79505b0\" data-element_type=\"widget\" data-widget_type=\"text-editor.default\">\n\t\t\t\t\t\t\t\t\t<p>L\u2019Association a pour mission de <strong>soutenir et promouvoir l\u2019attractivit\u00e9 \u00e9conomique<\/strong> de l\u2019un des plus grands parcs d\u2019activit\u00e9s de la m\u00e9tropole montpelli\u00e9raine.<br \/>Situ\u00e9e \u00e0 la sortie <strong>A709 \u2013 sortie 31<\/strong>, la <strong>zone Garosud<\/strong> regroupe <strong>plus de 1 000 entreprises<\/strong> et g\u00e9n\u00e8re <strong>pr\u00e8s de 9 000 emplois<\/strong>.<\/p><p>Ce territoire dynamique accueille une grande diversit\u00e9 d\u2019activit\u00e9s :<\/p><ul><li>logistique<\/li><li>mat\u00e9riaux de construction<\/li><li>artisanat<\/li><li>services aux entreprises<\/li><li>et bien d\u2019autres encore.<\/li><\/ul><p>V\u00e9ritable <strong>poumon \u00e9conomique du sud de Montpellier<\/strong>, Garosud joue un r\u00f4le essentiel dans le <strong>d\u00e9veloppement local<\/strong> et la <strong>cr\u00e9ation d\u2019emplois durables<\/strong>.<\/p>\t\t\t\t\t\t\t\t<\/div>\n\t\t\t\t<div class=\"elementor-element elementor-element-192e2e3e elementor-widget-divider--view-line elementor-widget elementor-widget-divider\" data-id=\"192e2e3e\" data-element_type=\"widget\" data-widget_type=\"divider.default\">\n\t\t\t\t\t\t\t<div class=\"elementor-divider\">\n\t\t\t<span class=\"elementor-divider-separator\">\n\t\t\t\t\t\t<\/span>\n\t\t<\/div>\n\t\t\t\t\t\t<\/div>\n\t\t\t\t\t<\/div>\n\t\t\t\t<\/div>\n\t\t<div class=\"elementor-element elementor-element-48d36dbb e-flex e-con-boxed e-con e-parent\" data-id=\"48d36dbb\" data-element_type=\"container\">\n\t\t\t\t\t<div class=\"e-con-inner\">\n\t\t\t\t<div class=\"elementor-element elementor-element-679f3ae5 elementor-widget elementor-widget-heading\" data-id=\"679f3ae5\" data-element_type=\"widget\" data-widget_type=\"heading.default\">\n\t\t\t\t\t<h2 class=\"elementor-heading-title elementor-size-default\">Nos axes d\u2019action<\/h2>\t\t\t\t<\/div>\n\t\t\t\t<div class=\"elementor-element elementor-element-250d558f elementor-widget elementor-widget-heading\" data-id=\"250d558f\" data-element_type=\"widget\" data-widget_type=\"heading.default\">\n\t\t\t\t\t<h3 class=\"elementor-heading-title elementor-size-default\">* L\u2019accessibilit\u00e9 et les mobilit\u00e9s<\/h3>\t\t\t\t<\/div>\n\t\t\t\t<div class=\"elementor-element elementor-element-6a620074 elementor-widget elementor-widget-text-editor\" data-id=\"6a620074\" data-element_type=\"widget\" data-widget_type=\"text-editor.default\">\n\t\t\t\t\t\t\t\t\t<p>L\u2019Association agit pour <strong>am\u00e9liorer les acc\u00e8s<\/strong> \u00e0 la zone et accompagner les <strong>grands projets d\u2019infrastructures<\/strong>, notamment le <strong>Contournement Ouest de Montpellier (COM)<\/strong>.<br \/>Elle \u0153uvre \u00e9galement pour le d\u00e9veloppement des <strong>mobilit\u00e9s douces<\/strong> :<\/p><ul><li>pistes cyclables,<\/li><li>cheminements pi\u00e9tons,<\/li><li>transports en commun,<\/li><\/ul><p>afin de <strong>faciliter les d\u00e9placements quotidiens<\/strong> des salari\u00e9s, visiteurs et habitants.<\/p>\t\t\t\t\t\t\t\t<\/div>\n\t\t\t\t<div class=\"elementor-element elementor-element-38beeaed elementor-widget elementor-widget-heading\" data-id=\"38beeaed\" data-element_type=\"widget\" data-widget_type=\"heading.default\">\n\t\t\t\t\t<h3 class=\"elementor-heading-title elementor-size-default\">* L\u2019attractivit\u00e9 \u00e9conomique et la promotion<\/h3>\t\t\t\t<\/div>\n\t\t\t\t<div class=\"elementor-element elementor-element-4482fe25 elementor-widget elementor-widget-text-editor\" data-id=\"4482fe25\" data-element_type=\"widget\" data-widget_type=\"text-editor.default\">\n\t\t\t\t\t\t\t\t\t<p>L\u2019Association s\u2019attache \u00e0 <strong>promouvoir les entreprises de Garosud<\/strong> et \u00e0 <strong>renforcer l\u2019image positive<\/strong> de la zone aupr\u00e8s des acteurs \u00e9conomiques, institutionnels et du grand public.<br \/>Son objectif : <strong>maintenir et d\u00e9velopper l\u2019attractivit\u00e9 de Garosud<\/strong> au b\u00e9n\u00e9fice de l\u2019ensemble du <strong>tissu \u00e9conomique montpelli\u00e9rain<\/strong>.<\/p>\t\t\t\t\t\t\t\t<\/div>\n\t\t\t\t<div class=\"elementor-element elementor-element-1d8c77db elementor-widget elementor-widget-text-editor\" data-id=\"1d8c77db\" data-element_type=\"widget\" data-widget_type=\"text-editor.default\">\n\t\t\t\t\t\t\t\t\t<p data-start=\"4114\" data-end=\"4261\">\ud83d\udc49 <a href=\"https:\/\/nicolas-dulion.com\/index.php\/espace-entreprise\/\">D\u00e9couvrir Espace Entreprise Garosud<\/a><br data-start=\"4168\" data-end=\"4171\" \/>\ud83d\udc49 <a href=\"https:\/\/nicolas-dulion.com\/index.php\/evenements\/\">Participer aux \u00e9v\u00e9nements \u00e9conomiques<\/a><\/p>\t\t\t\t\t\t\t\t<\/div>\n\t\t\t\t<div class=\"elementor-element elementor-element-502cbd64 elementor-widget elementor-widget-heading\" data-id=\"502cbd64\" data-element_type=\"widget\" data-widget_type=\"heading.default\">\n\t\t\t\t\t<h3 class=\"elementor-heading-title elementor-size-default\">* La repr\u00e9sentation des entreprises<\/h3>\t\t\t\t<\/div>\n\t\t\t\t<div class=\"elementor-element elementor-element-5ceb6da1 elementor-widget elementor-widget-text-editor\" data-id=\"5ceb6da1\" data-element_type=\"widget\" data-widget_type=\"text-editor.default\">\n\t\t\t\t\t\t\t\t\t<p>V\u00e9ritable <strong>interlocuteur privil\u00e9gi\u00e9 des institutions locales<\/strong>, l\u2019Association repr\u00e9sente les <strong>int\u00e9r\u00eats des entreprises<\/strong> de la zone aupr\u00e8s des d\u00e9cideurs publics.<br \/>Elle veille \u00e0 ce que leurs <strong>besoins soient entendus<\/strong> dans tous les projets d\u2019am\u00e9nagement et de d\u00e9veloppement du territoire.<\/p><p>En agissant collectivement, l\u2019Association contribue \u00e0 <strong>fa\u00e7onner l\u2019avenir \u00e9conomique du sud de Montpellier<\/strong>.<\/p>\t\t\t\t\t\t\t\t<\/div>\n\t\t\t\t<div class=\"elementor-element elementor-element-6d53f771 elementor-widget-divider--view-line elementor-widget elementor-widget-divider\" data-id=\"6d53f771\" data-element_type=\"widget\" data-widget_type=\"divider.default\">\n\t\t\t\t\t\t\t<div class=\"elementor-divider\">\n\t\t\t<span class=\"elementor-divider-separator\">\n\t\t\t\t\t\t<\/span>\n\t\t<\/div>\n\t\t\t\t\t\t<\/div>\n\t\t\t\t\t<\/div>\n\t\t\t\t<\/div>\n\t\t<div class=\"elementor-element elementor-element-20040e09 e-flex e-con-boxed e-con e-parent\" data-id=\"20040e09\" data-element_type=\"container\">\n\t\t\t\t\t<div class=\"e-con-inner\">\n\t\t\t\t<div class=\"elementor-element elementor-element-792f18a0 elementor-widget elementor-widget-heading\" data-id=\"792f18a0\" data-element_type=\"widget\" data-widget_type=\"heading.default\">\n\t\t\t\t\t<h2 class=\"elementor-heading-title elementor-size-default\">D\u00e9couvrez aussi :<\/h2>\t\t\t\t<\/div>\n\t\t\t\t<div class=\"elementor-element elementor-element-390f22a5 elementor-widget elementor-widget-text-editor\" data-id=\"390f22a5\" data-element_type=\"widget\" data-widget_type=\"text-editor.default\">\n\t\t\t\t\t\t\t\t\t<p data-start=\"4114\" data-end=\"4261\">\ud83d\udc49 <a class=\"decorated-link\" href=\"https:\/\/nicolas-dulion.com\/index.php\/espace-entreprise\/\" rel=\"noopener\" data-start=\"4117\" data-end=\"4168\">Espace Entreprise Montpellier<\/a><br data-start=\"4168\" data-end=\"4171\" \/>\ud83d\udc49 <a href=\"https:\/\/nicolas-dulion.com\/index.php\/club-lr\/\">Club LR<\/a><br data-start=\"4211\" data-end=\"4214\" \/>\ud83d\udc49 <a class=\"decorated-link\" href=\"https:\/\/nicolas-dulion.com\/index.php\/qui-suis-je\/\" rel=\"noopener\" data-start=\"4217\" data-end=\"4261\">Qui suis-je ? Nicolas Dulion<\/a><\/p>\t\t\t\t\t\t\t\t<\/div>\n\t\t\t\t\t<\/div>\n\t\t\t\t<\/div>\n\t\t\t\t<\/div>\n\t\t","protected":false},"excerpt":{"rendered":"<p>Association des Entreprises de Montpellier Garosud Une gouvernance engag\u00e9e au service des entreprises L\u2019Association des Entreprises de Montpellier Garosud est [&hellip;]<\/p>\n","protected":false},"author":1,"featured_media":0,"parent":0,"menu_order":0,"comment_status":"closed","ping_status":"closed","template":"","meta":{"site-sidebar-layout":"no-sidebar","site-content-layout":"","ast-site-content-layout":"full-width-container","site-content-style":"default","site-sidebar-style":"default","ast-global-header-display":"","ast-banner-title-visibility":"","ast-main-header-display":"","ast-hfb-above-header-display":"","ast-hfb-below-header-display":"","ast-hfb-mobile-header-display":"","site-post-title":"disabled","ast-breadcrumbs-content":"","ast-featured-img":"disabled","footer-sml-layout":"","theme-transparent-header-meta":"","adv-header-id-meta":"","stick-header-meta":"","header-above-stick-meta":"","header-main-stick-meta":"","header-below-stick-meta":"","astra-migrate-meta-layouts":"default","ast-page-background-enabled":"default","ast-page-background-meta":{"desktop":{"background-color":"var(--ast-global-color-5)","background-image":"","background-repeat":"repeat","background-position":"center center","background-size":"auto","background-attachment":"scroll","background-type":"","background-media":"","overlay-type":"","overlay-color":"","overlay-opacity":"","overlay-gradient":""},"tablet":{"background-color":"","background-image":"","background-repeat":"repeat","background-position":"center center","background-size":"auto","background-attachment":"scroll","background-type":"","background-media":"","overlay-type":"","overlay-color":"","overlay-opacity":"","overlay-gradient":""},"mobile":{"background-color":"","background-image":"","background-repeat":"repeat","background-position":"center center","background-size":"auto","background-attachment":"scroll","background-type":"","background-media":"","overlay-type":"","overlay-color":"","overlay-opacity":"","overlay-gradient":""}},"ast-content-background-meta":{"desktop":{"background-color":"var(--ast-global-color-4)","background-image":"","background-repeat":"repeat","background-position":"center center","background-size":"auto","background-attachment":"scroll","background-type":"","background-media":"","overlay-type":"","overlay-color":"","overlay-opacity":"","overlay-gradient":""},"tablet":{"background-color":"var(--ast-global-color-4)","background-image":"","background-repeat":"repeat","background-position":"center center","background-size":"auto","background-attachment":"scroll","background-type":"","background-media":"","overlay-type":"","overlay-color":"","overlay-opacity":"","overlay-gradient":""},"mobile":{"background-color":"var(--ast-global-color-4)","background-image":"","background-repeat":"repeat","background-position":"center center","background-size":"auto","background-attachment":"scroll","background-type":"","background-media":"","overlay-type":"","overlay-color":"","overlay-opacity":"","overlay-gradient":""}},"footnotes":""},"class_list":["post-417","page","type-page","status-publish","hentry"],"yoast_head":"<!-- This site is optimized with the Yoast SEO plugin v26.0 - https:\/\/yoast.com\/wordpress\/plugins\/seo\/ -->\n<title>Association des entreprises de GAROSUD - Nicolas Dulion<\/title>\n<meta name=\"robots\" content=\"index, follow, max-snippet:-1, max-image-preview:large, max-video-preview:-1\" \/>\n<link rel=\"canonical\" href=\"https:\/\/nicolas-dulion.com\/index.php\/association-des-entreprises-de-garosud\/\" \/>\n<meta property=\"og:locale\" content=\"fr_FR\" \/>\n<meta property=\"og:type\" content=\"article\" \/>\n<meta property=\"og:title\" content=\"Association des entreprises de GAROSUD - Nicolas Dulion\" \/>\n<meta property=\"og:description\" content=\"Association des Entreprises de Montpellier Garosud Une gouvernance engag\u00e9e au service des entreprises L\u2019Association des Entreprises de Montpellier Garosud est [&hellip;]\" \/>\n<meta property=\"og:url\" content=\"https:\/\/nicolas-dulion.com\/index.php\/association-des-entreprises-de-garosud\/\" \/>\n<meta property=\"og:site_name\" content=\"Nicolas Dulion\" \/>\n<meta property=\"article:modified_time\" content=\"2025-11-03T15:48:43+00:00\" \/>\n<meta property=\"og:image\" content=\"http:\/\/nicolas-dulion.com\/wp-content\/uploads\/2025\/10\/Logo-association-garosud-300x134.jpg\" \/>\n<meta name=\"twitter:card\" content=\"summary_large_image\" \/>\n<meta name=\"twitter:label1\" content=\"Dur\u00e9e de lecture estim\u00e9e\" \/>\n\t<meta name=\"twitter:data1\" content=\"3 minutes\" \/>\n<script type=\"application\/ld+json\" class=\"yoast-schema-graph\">{\"@context\":\"https:\/\/schema.org\",\"@graph\":[{\"@type\":\"WebPage\",\"@id\":\"https:\/\/nicolas-dulion.com\/index.php\/association-des-entreprises-de-garosud\/\",\"url\":\"https:\/\/nicolas-dulion.com\/index.php\/association-des-entreprises-de-garosud\/\",\"name\":\"Association des entreprises de GAROSUD - Nicolas Dulion\",\"isPartOf\":{\"@id\":\"https:\/\/nicolas-dulion.com\/#website\"},\"primaryImageOfPage\":{\"@id\":\"https:\/\/nicolas-dulion.com\/index.php\/association-des-entreprises-de-garosud\/#primaryimage\"},\"image\":{\"@id\":\"https:\/\/nicolas-dulion.com\/index.php\/association-des-entreprises-de-garosud\/#primaryimage\"},\"thumbnailUrl\":\"http:\/\/nicolas-dulion.com\/wp-content\/uploads\/2025\/10\/Logo-association-garosud-300x134.jpg\",\"datePublished\":\"2025-10-29T16:01:30+00:00\",\"dateModified\":\"2025-11-03T15:48:43+00:00\",\"breadcrumb\":{\"@id\":\"https:\/\/nicolas-dulion.com\/index.php\/association-des-entreprises-de-garosud\/#breadcrumb\"},\"inLanguage\":\"fr-FR\",\"potentialAction\":[{\"@type\":\"ReadAction\",\"target\":[\"https:\/\/nicolas-dulion.com\/index.php\/association-des-entreprises-de-garosud\/\"]}]},{\"@type\":\"ImageObject\",\"inLanguage\":\"fr-FR\",\"@id\":\"https:\/\/nicolas-dulion.com\/index.php\/association-des-entreprises-de-garosud\/#primaryimage\",\"url\":\"https:\/\/nicolas-dulion.com\/wp-content\/uploads\/2025\/10\/Logo-association-garosud.jpg\",\"contentUrl\":\"https:\/\/nicolas-dulion.com\/wp-content\/uploads\/2025\/10\/Logo-association-garosud.jpg\",\"width\":1512,\"height\":674,\"caption\":\"Logo association garosud\"},{\"@type\":\"BreadcrumbList\",\"@id\":\"https:\/\/nicolas-dulion.com\/index.php\/association-des-entreprises-de-garosud\/#breadcrumb\",\"itemListElement\":[{\"@type\":\"ListItem\",\"position\":1,\"name\":\"Home\",\"item\":\"https:\/\/nicolas-dulion.com\/\"},{\"@type\":\"ListItem\",\"position\":2,\"name\":\"Association des entreprises de GAROSUD\"}]},{\"@type\":\"WebSite\",\"@id\":\"https:\/\/nicolas-dulion.com\/#website\",\"url\":\"https:\/\/nicolas-dulion.com\/\",\"name\":\"Nicolas Dulion\",\"description\":\"Coworking - Espace Entreprise Montpellier - Pitch de cr\u00e9ateurs d&#039;entreprise - Association des entreprises de Garosud\",\"publisher\":{\"@id\":\"https:\/\/nicolas-dulion.com\/#organization\"},\"potentialAction\":[{\"@type\":\"SearchAction\",\"target\":{\"@type\":\"EntryPoint\",\"urlTemplate\":\"https:\/\/nicolas-dulion.com\/?s={search_term_string}\"},\"query-input\":{\"@type\":\"PropertyValueSpecification\",\"valueRequired\":true,\"valueName\":\"search_term_string\"}}],\"inLanguage\":\"fr-FR\"},{\"@type\":\"Organization\",\"@id\":\"https:\/\/nicolas-dulion.com\/#organization\",\"name\":\"Nicolas Dulion\",\"url\":\"https:\/\/nicolas-dulion.com\/\",\"logo\":{\"@type\":\"ImageObject\",\"inLanguage\":\"fr-FR\",\"@id\":\"https:\/\/nicolas-dulion.com\/#\/schema\/logo\/image\/\",\"url\":\"https:\/\/nicolas-dulion.com\/wp-content\/uploads\/2025\/10\/E-Grimaud-E-GRIMAUD_55A8140-E-scaled.jpg\",\"contentUrl\":\"https:\/\/nicolas-dulion.com\/wp-content\/uploads\/2025\/10\/E-Grimaud-E-GRIMAUD_55A8140-E-scaled.jpg\",\"width\":2560,\"height\":2560,\"caption\":\"Nicolas Dulion\"},\"image\":{\"@id\":\"https:\/\/nicolas-dulion.com\/#\/schema\/logo\/image\/\"}}]}<\/script>\n<!-- \/ Yoast SEO plugin. -->","yoast_head_json":{"title":"Association des entreprises de GAROSUD - Nicolas Dulion","robots":{"index":"index","follow":"follow","max-snippet":"max-snippet:-1","max-image-preview":"max-image-preview:large","max-video-preview":"max-video-preview:-1"},"canonical":"https:\/\/nicolas-dulion.com\/index.php\/association-des-entreprises-de-garosud\/","og_locale":"fr_FR","og_type":"article","og_title":"Association des entreprises de GAROSUD - Nicolas Dulion","og_description":"Association des Entreprises de Montpellier Garosud Une gouvernance engag\u00e9e au service des entreprises L\u2019Association des Entreprises de Montpellier Garosud est [&hellip;]","og_url":"https:\/\/nicolas-dulion.com\/index.php\/association-des-entreprises-de-garosud\/","og_site_name":"Nicolas Dulion","article_modified_time":"2025-11-03T15:48:43+00:00","og_image":[{"url":"http:\/\/nicolas-dulion.com\/wp-content\/uploads\/2025\/10\/Logo-association-garosud-300x134.jpg","type":"","width":"","height":""}],"twitter_card":"summary_large_image","twitter_misc":{"Dur\u00e9e de lecture estim\u00e9e":"3 minutes"},"schema":{"@context":"https:\/\/schema.org","@graph":[{"@type":"WebPage","@id":"https:\/\/nicolas-dulion.com\/index.php\/association-des-entreprises-de-garosud\/","url":"https:\/\/nicolas-dulion.com\/index.php\/association-des-entreprises-de-garosud\/","name":"Association des entreprises de GAROSUD - Nicolas Dulion","isPartOf":{"@id":"https:\/\/nicolas-dulion.com\/#website"},"primaryImageOfPage":{"@id":"https:\/\/nicolas-dulion.com\/index.php\/association-des-entreprises-de-garosud\/#primaryimage"},"image":{"@id":"https:\/\/nicolas-dulion.com\/index.php\/association-des-entreprises-de-garosud\/#primaryimage"},"thumbnailUrl":"http:\/\/nicolas-dulion.com\/wp-content\/uploads\/2025\/10\/Logo-association-garosud-300x134.jpg","datePublished":"2025-10-29T16:01:30+00:00","dateModified":"2025-11-03T15:48:43+00:00","breadcrumb":{"@id":"https:\/\/nicolas-dulion.com\/index.php\/association-des-entreprises-de-garosud\/#breadcrumb"},"inLanguage":"fr-FR","potentialAction":[{"@type":"ReadAction","target":["https:\/\/nicolas-dulion.com\/index.php\/association-des-entreprises-de-garosud\/"]}]},{"@type":"ImageObject","inLanguage":"fr-FR","@id":"https:\/\/nicolas-dulion.com\/index.php\/association-des-entreprises-de-garosud\/#primaryimage","url":"https:\/\/nicolas-dulion.com\/wp-content\/uploads\/2025\/10\/Logo-association-garosud.jpg","contentUrl":"https:\/\/nicolas-dulion.com\/wp-content\/uploads\/2025\/10\/Logo-association-garosud.jpg","width":1512,"height":674,"caption":"Logo association garosud"},{"@type":"BreadcrumbList","@id":"https:\/\/nicolas-dulion.com\/index.php\/association-des-entreprises-de-garosud\/#breadcrumb","itemListElement":[{"@type":"ListItem","position":1,"name":"Home","item":"https:\/\/nicolas-dulion.com\/"},{"@type":"ListItem","position":2,"name":"Association des entreprises de GAROSUD"}]},{"@type":"WebSite","@id":"https:\/\/nicolas-dulion.com\/#website","url":"https:\/\/nicolas-dulion.com\/","name":"Nicolas Dulion","description":"Coworking - Espace Entreprise Montpellier - Pitch de cr\u00e9ateurs d&#039;entreprise - Association des entreprises de Garosud","publisher":{"@id":"https:\/\/nicolas-dulion.com\/#organization"},"potentialAction":[{"@type":"SearchAction","target":{"@type":"EntryPoint","urlTemplate":"https:\/\/nicolas-dulion.com\/?s={search_term_string}"},"query-input":{"@type":"PropertyValueSpecification","valueRequired":true,"valueName":"search_term_string"}}],"inLanguage":"fr-FR"},{"@type":"Organization","@id":"https:\/\/nicolas-dulion.com\/#organization","name":"Nicolas Dulion","url":"https:\/\/nicolas-dulion.com\/","logo":{"@type":"ImageObject","inLanguage":"fr-FR","@id":"https:\/\/nicolas-dulion.com\/#\/schema\/logo\/image\/","url":"https:\/\/nicolas-dulion.com\/wp-content\/uploads\/2025\/10\/E-Grimaud-E-GRIMAUD_55A8140-E-scaled.jpg","contentUrl":"https:\/\/nicolas-dulion.com\/wp-content\/uploads\/2025\/10\/E-Grimaud-E-GRIMAUD_55A8140-E-scaled.jpg","width":2560,"height":2560,"caption":"Nicolas Dulion"},"image":{"@id":"https:\/\/nicolas-dulion.com\/#\/schema\/logo\/image\/"}}]}},"_links":{"self":[{"href":"https:\/\/nicolas-dulion.com\/index.php\/wp-json\/wp\/v2\/pages\/417","targetHints":{"allow":["GET"]}}],"collection":[{"href":"https:\/\/nicolas-dulion.com\/index.php\/wp-json\/wp\/v2\/pages"}],"about":[{"href":"https:\/\/nicolas-dulion.com\/index.php\/wp-json\/wp\/v2\/types\/page"}],"author":[{"embeddable":true,"href":"https:\/\/nicolas-dulion.com\/index.php\/wp-json\/wp\/v2\/users\/1"}],"replies":[{"embeddable":true,"href":"https:\/\/nicolas-dulion.com\/index.php\/wp-json\/wp\/v2\/comments?post=417"}],"version-history":[{"count":22,"href":"https:\/\/nicolas-dulion.com\/index.php\/wp-json\/wp\/v2\/pages\/417\/revisions"}],"predecessor-version":[{"id":645,"href":"https:\/\/nicolas-dulion.com\/index.php\/wp-json\/wp\/v2\/pages\/417\/revisions\/645"}],"wp:attachment":[{"href":"https:\/\/nicolas-dulion.com\/index.php\/wp-json\/wp\/v2\/media?parent=417"}],"curies":[{"name":"wp","href":"https:\/\/api.w.org\/{rel}","templated":true}]}}